{"id":74,"date":"2019-03-08T10:26:11","date_gmt":"2019-03-08T08:26:11","guid":{"rendered":"http:\/\/de.business2code.com\/?page_id=74"},"modified":"2019-04-11T20:13:13","modified_gmt":"2019-04-11T18:13:13","slug":"ueber-uns","status":"publish","type":"page","link":"http:\/\/de.business2code.com\/?page_id=74","title":{"rendered":"\u00dcber uns"},"content":{"rendered":"<p>Als neues Unternehmen bewegen wir uns auf einem Feld mit hoher Innovationskraft.<\/p>\n<p>F\u00fcr unsere Kunden und Partner sind wir mit einem sehr umfangreichen Erfahrungshintergrund bei der Einf\u00fchrung und beim Aufbau von ERP-L\u00f6sungen im Mittelstand t\u00e4tig. Dar\u00fcber hinaus \u00fcbernehmen wir Aufgaben bei der Optimierung von Projekten, die die Entwicklung von Unternehmens- und Branchenl\u00f6sungen im ERP-Umfeld zu Inhalt haben.<\/p>\n<p>Wir engagieren uns f\u00fcr die Ausbildung von Mitarbeitern und Studenten.<\/p>\n\n\n<p><\/p>\n","protected":false},"excerpt":{"rendered":"<p>Als neues Unternehmen bewegen wir uns auf einem Feld mit hoher Innovationskraft. F\u00fcr unsere Kunden und Partner sind wir mit einem sehr umfangreichen Erfahrungshintergrund bei der<span class=\"excerpt-hellip\"> [\u2026]<\/span><\/p>\n","protected":false},"author":1,"featured_media":0,"parent":0,"menu_order":0,"comment_status":"closed","ping_status":"closed","template":"","meta":[],"_links":{"self":[{"href":"http:\/\/de.business2code.com\/index.php?rest_route=\/wp\/v2\/pages\/74"}],"collection":[{"href":"http:\/\/de.business2code.com\/index.php?rest_route=\/wp\/v2\/pages"}],"about":[{"href":"http:\/\/de.business2code.com\/index.php?rest_route=\/wp\/v2\/types\/page"}],"author":[{"embeddable":true,"href":"http:\/\/de.business2code.com\/index.php?rest_route=\/wp\/v2\/users\/1"}],"replies":[{"embeddable":true,"href":"http:\/\/de.business2code.com\/index.php?rest_route=%2Fwp%2Fv2%2Fcomments&post=74"}],"version-history":[{"count":4,"href":"http:\/\/de.business2code.com\/index.php?rest_route=\/wp\/v2\/pages\/74\/revisions"}],"predecessor-version":[{"id":82,"href":"http:\/\/de.business2code.com\/index.php?rest_route=\/wp\/v2\/pages\/74\/revisions\/82"}],"wp:attachment":[{"href":"http:\/\/de.business2code.com\/index.php?rest_route=%2Fwp%2Fv2%2Fmedia&parent=74"}],"curies":[{"name":"wp","href":"https:\/\/api.w.org\/{rel}","templated":true}]}}